{"id":5126,"date":"2020-05-10T09:36:38","date_gmt":"2020-05-10T07:36:38","guid":{"rendered":"https:\/\/caat.it\/privacy-policy\/"},"modified":"2020-05-10T09:36:38","modified_gmt":"2020-05-10T07:36:38","slug":"privacy-policy","status":"publish","type":"page","link":"https:\/\/caat.it\/en\/privacy-policy\/","title":{"rendered":"Privacy Policy"},"content":{"rendered":"<h2>Privacy Policy \u2013 Informativa in materia di protezione dei dati personali<br \/>\n(13 del GDPR 2016\/679)<\/h2>\n<p>In questa pagina si descrivono le modalit\u00e0 di gestione del sito in riferimento al trattamento dei dati personali degli utenti che lo consultano.<br \/>\nSi tratta di una informativa che \u00e8 resa anche ai sensi dell\u2019art. 13 del GDPR 2016\/679 \u2013 GDPR a coloro che interagiscono con i servizi web del presente sito per la protezione dei dati personali, accessibili per via telematica a partire dall\u2019indirizzo: WWW corrispondente alla pagina iniziale del sito.<br \/>\nL\u2019informativa \u00e8 resa solo per il presente sito e non anche per altri siti web collegati tramite link a questo sito che l\u2019utente pu\u00f2 eventualmente consultare. I siti web esterni collegati potrebbero avere una politica della privacy diversa da quella riportata nel presente sito.<\/p>\n<p>IL \u201cTITOLARE\u201d DEL TRATTAMENTO<\/p>\n<p>A seguito della consultazione di questo sito possono essere trattati dati relativi a persone identificate o identificabili.<\/p>\n<p><strong>Il \u201cTITOLARE\u201d del loro trattamento \u00e8 TITOLARE<\/strong><\/p>\n<p><strong>LUOGO DI TRATTAMENTO DEI DATI<\/strong><\/p>\n<p>I trattamenti connessi ai servizi web di questo sito hanno luogo presso la predetta sede del TITOLARE e sono curati solo da personale tecnico incaricato del trattamento, oppure da eventuali incaricati di occasionali operazioni di manutenzione.<br \/>\nNessun dato derivante dal servizio web viene comunicato o diffuso.<br \/>\nI dati personali forniti dagli utenti che inoltrano richieste di iscrizione sito sono utilizzati al solo fine di eseguire il servizio o la prestazione richiesta e sono comunicati a terzi nel solo caso in cui ci\u00f2 sia a tal fine necessario.<\/p>\n<p><strong>TIPI DI DATI TRATTATI<\/strong><\/p>\n<p><strong>Dati di navigazione<\/strong><br \/>\nI sistemi informatici e le procedure software preposte al funzionamento di questo sito web acquisiscono, nel corso del loro normale esercizio, alcuni dati personali la cui trasmissione \u00e8 implicita nell\u2019uso dei protocolli di comunicazione di Internet.<br \/>\nSi tratta di informazioni che non sono raccolte per essere associate a interessati identificati, ma che per loro stessa natura potrebbero, attraverso elaborazioni ed associazioni con dati detenuti da terzi, permettere di identificare gli utenti.<br \/>\nIn questa categoria di dati rientrano gli indirizzi IP o i nomi a dominio dei computer utilizzati dagli utenti che si connettono al sito, gli indirizzi in notazione URI (Uniform Resource Identifier) delle risorse richieste, l\u2019orario della richiesta, il metodo utilizzato nel sottoporre la richiesta al server, la dimensione del file ottenuto in risposta, il codice numerico indicante lo stato della risposta data dal server (buon fine, errore, ecc.) ed altri parametri relativi al sistema operativo e all\u2019ambiente informatico dell\u2019utente.<br \/>\nQuesti dati vengono utilizzati al solo fine di ricavare informazioni statistiche anonime sull\u2019uso del sito e per controllarne il corretto funzionamento e vengono cancellati immediatamente dopo l\u2019elaborazione. I dati potrebbero essere utilizzati per l\u2019accertamento di responsabilit\u00e0 in caso di ipotetici reati informatici ai danni del sito: salva questa eventualit\u00e0, allo stato i dati sui contatti web non persistono per pi\u00f9 di sette giorni.<br \/>\nDati forniti volontariamente dall\u2019utente<br \/>\nL\u2019invio facoltativo, esplicito e volontario di posta elettronica agli indirizzi indicati su questo sito comporta la successiva acquisizione dell\u2019indirizzo del mittente, necessario per rispondere alle richieste, nonch\u00e9 degli eventuali altri dati personali inseriti nella missiva.<br \/>\nSpecifiche informative di sintesi verranno progressivamente riportate o visualizzate nelle pagine del sito predisposte per particolari servizi a richiesta.<br \/>\nL\u2019utilizzo del sito pu\u00f2 richiedere altres\u00ec la comunicazione di qualunque informazione relativa a persona fisica, persona giuridica, ente od associazione, identificati o identificabili, anche indirettamente mediante riferimento a qualsiasi altra informazione, ivi compreso un numero di identificazione personale, quale in via esemplificativa ma non esaustiva nome, sesso, indirizzo, numero telefonico, indirizzo email, dati bancari ed ogni altra informazione che permetta l\u2019identificazione dell\u2019utente in qualsiasi momento attraverso l\u2019utilizzo del sito web.<br \/>\nSi tratta in ogni caso di dati personali necessari per l\u2019utilizzo del servizio.<br \/>\nTITOLARE pu\u00f2 venire a conoscenza di tali dati mediante l\u2019inserimento delle informazioni relative all\u2019account personale dell\u2019utente al fine della registrazione ed iscrizione al sito.<\/p>\n<p><strong>FACOLTATIVITA\u2019 DEL CONFERIMENTO DEI DATI<\/strong><\/p>\n<p>A parte quanto specificato per i dati di navigazione, l\u2019utente \u00e8 libero di fornire i dati personali riportati nei moduli di accettazione\/iscrizione al sito al TITOLARE o comunque indicati nella pagina di contatto di questo sito per sollecitare la prestazione dei servizi richiesti.<br \/>\nIl loro mancato conferimento pu\u00f2 comportare l\u2019impossibilit\u00e0 di ottenere quanto richiesto.<\/p>\n<p><strong>MODALITA\u2019 DEL TRATTAMENTO<\/strong><\/p>\n<p>I dati personali sono trattati con strumenti automatizzati per il tempo strettamente necessario a conseguire gli scopi per cui sono stati raccolti.<br \/>\nSpecifiche misure di sicurezza sono osservate per prevenire la perdita dei dati, usi illeciti o non corretti ed accessi non autorizzati.<\/p>\n<p><strong>FINALITA\u2019 DEL TRATTAMENTO<\/strong><\/p>\n<p>I dati conferiti volontariamente dall\u2019utente potranno essere trattati esclusivamente per le seguenti finalit\u00e0:<br \/>\n\u2013 registrazione, attivazione e mantenimento account;<br \/>\n\u2013 i dati resi anonimi sono utilizzati, anche in forma aggregata al fine di elaborare studi e statistiche.<br \/>\nI dati personali verranno trattati mediante strumenti elettronici e manuali, con modalit\u00e0 compatibili alle finalit\u00e0 dello stesso, tali da garantire la riservatezza, la sicurezza e l\u2019integrit\u00e0 dei dati.<\/p>\n<p><strong>COMUNICAZIONE DEI DATI A TERZI<\/strong><\/p>\n<p>TITOLARE si riserva la facolt\u00e0 di comunicare i dati personali conferiti dallo utente a:<br \/>\n\u2013 forze dell\u2019ordine, pubbliche autorit\u00e0 o consulenti legali in relazione a presunti reati o violazioni delle condizioni di utilizzo, ovvero nei casi previsti dalla legge.<\/p>\n<p><strong>DIRITTI DEGLI INTERESSATI<\/strong><br \/>\nL\u2019interessato ha il diritto di ottenere dal TITOLARE del trattamento la rettifica dei dati personali inesatti o l\u2019integrazione dei dati incompleti che lo riguardano, l\u2019accesso ai propri dati personali, la cancellazione, la limitazione del trattamento, diritto di opposizione, diritto alla portabilit\u00e0 dei dati e diritto di revoca del consenso prestato.<br \/>\nLe richieste vanno rivolte a TITOLARE.<\/p>\n","protected":false},"excerpt":{"rendered":"<p>Privacy Policy \u2013 Informativa in materia di protezione dei dati personali (13 del GDPR 2016\/679) In questa pagina si descrivono le modalit\u00e0 di gestione del sito in riferimento al trattamento dei dati personali degli utenti che lo consultano. Si tratta di una informativa che \u00e8 resa anche ai sensi dell\u2019art. 13 del GDPR 2016\/679 \u2013 &hellip;<\/p>\n","protected":false},"author":5,"featured_media":0,"parent":0,"menu_order":116,"comment_status":"closed","ping_status":"closed","template":"","meta":{"_acf_changed":false,"_mc_calendar":[],"footnotes":""},"class_list":["post-5126","page","type-page","status-publish","hentry"],"acf":[],"yoast_head":"<!-- This site is optimized with the Yoast SEO plugin v27.4 - https:\/\/yoast.com\/product\/yoast-seo-wordpress\/ -->\n<title>Privacy Policy - Centro Agro Alimentare Torino<\/title>\n<meta name=\"robots\" content=\"index, follow, max-snippet:-1, max-image-preview:large, max-video-preview:-1\" \/>\n<link rel=\"canonical\" href=\"https:\/\/caat.it\/en\/privacy-policy\/\" \/>\n<meta property=\"og:locale\" content=\"en_US\" \/>\n<meta property=\"og:type\" content=\"article\" \/>\n<meta property=\"og:title\" content=\"Privacy Policy - Centro Agro Alimentare Torino\" \/>\n<meta property=\"og:description\" content=\"Privacy Policy \u2013 Informativa in materia di protezione dei dati personali (13 del GDPR 2016\/679) In questa pagina si descrivono le modalit\u00e0 di gestione del sito in riferimento al trattamento dei dati personali degli utenti che lo consultano. Si tratta di una informativa che \u00e8 resa anche ai sensi dell\u2019art. 13 del GDPR 2016\/679 \u2013 &hellip;\" \/>\n<meta property=\"og:url\" content=\"https:\/\/caat.it\/en\/privacy-policy\/\" \/>\n<meta property=\"og:site_name\" content=\"Centro Agro Alimentare Torino\" \/>\n<meta name=\"twitter:card\" content=\"summary_large_image\" \/>\n<meta name=\"twitter:label1\" content=\"Est. reading time\" \/>\n\t<meta name=\"twitter:data1\" content=\"5 minutes\" \/>\n<script type=\"application\/ld+json\" class=\"yoast-schema-graph\">{\"@context\":\"https:\\\/\\\/schema.org\",\"@graph\":[{\"@type\":\"WebPage\",\"@id\":\"https:\\\/\\\/caat.it\\\/en\\\/privacy-policy\\\/\",\"url\":\"https:\\\/\\\/caat.it\\\/en\\\/privacy-policy\\\/\",\"name\":\"Privacy Policy - Centro Agro Alimentare Torino\",\"isPartOf\":{\"@id\":\"https:\\\/\\\/caat.it\\\/en\\\/#website\"},\"datePublished\":\"2020-05-10T07:36:38+00:00\",\"inLanguage\":\"en-US\",\"potentialAction\":[{\"@type\":\"ReadAction\",\"target\":[\"https:\\\/\\\/caat.it\\\/en\\\/privacy-policy\\\/\"]}]},{\"@type\":\"WebSite\",\"@id\":\"https:\\\/\\\/caat.it\\\/en\\\/#website\",\"url\":\"https:\\\/\\\/caat.it\\\/en\\\/\",\"name\":\"Centro Agro Alimentare Torino\",\"description\":\"\",\"potentialAction\":[{\"@type\":\"SearchAction\",\"target\":{\"@type\":\"EntryPoint\",\"urlTemplate\":\"https:\\\/\\\/caat.it\\\/en\\\/?s={search_term_string}\"},\"query-input\":{\"@type\":\"PropertyValueSpecification\",\"valueRequired\":true,\"valueName\":\"search_term_string\"}}],\"inLanguage\":\"en-US\"}]}<\/script>\n<!-- \/ Yoast SEO plugin. -->","yoast_head_json":{"title":"Privacy Policy - Centro Agro Alimentare Torino","robots":{"index":"index","follow":"follow","max-snippet":"max-snippet:-1","max-image-preview":"max-image-preview:large","max-video-preview":"max-video-preview:-1"},"canonical":"https:\/\/caat.it\/en\/privacy-policy\/","og_locale":"en_US","og_type":"article","og_title":"Privacy Policy - Centro Agro Alimentare Torino","og_description":"Privacy Policy \u2013 Informativa in materia di protezione dei dati personali (13 del GDPR 2016\/679) In questa pagina si descrivono le modalit\u00e0 di gestione del sito in riferimento al trattamento dei dati personali degli utenti che lo consultano. Si tratta di una informativa che \u00e8 resa anche ai sensi dell\u2019art. 13 del GDPR 2016\/679 \u2013 &hellip;","og_url":"https:\/\/caat.it\/en\/privacy-policy\/","og_site_name":"Centro Agro Alimentare Torino","twitter_card":"summary_large_image","twitter_misc":{"Est. reading time":"5 minutes"},"schema":{"@context":"https:\/\/schema.org","@graph":[{"@type":"WebPage","@id":"https:\/\/caat.it\/en\/privacy-policy\/","url":"https:\/\/caat.it\/en\/privacy-policy\/","name":"Privacy Policy - Centro Agro Alimentare Torino","isPartOf":{"@id":"https:\/\/caat.it\/en\/#website"},"datePublished":"2020-05-10T07:36:38+00:00","inLanguage":"en-US","potentialAction":[{"@type":"ReadAction","target":["https:\/\/caat.it\/en\/privacy-policy\/"]}]},{"@type":"WebSite","@id":"https:\/\/caat.it\/en\/#website","url":"https:\/\/caat.it\/en\/","name":"Centro Agro Alimentare Torino","description":"","potentialAction":[{"@type":"SearchAction","target":{"@type":"EntryPoint","urlTemplate":"https:\/\/caat.it\/en\/?s={search_term_string}"},"query-input":{"@type":"PropertyValueSpecification","valueRequired":true,"valueName":"search_term_string"}}],"inLanguage":"en-US"}]}},"_links":{"self":[{"href":"https:\/\/caat.it\/en\/wp-json\/wp\/v2\/pages\/5126","targetHints":{"allow":["GET"]}}],"collection":[{"href":"https:\/\/caat.it\/en\/wp-json\/wp\/v2\/pages"}],"about":[{"href":"https:\/\/caat.it\/en\/wp-json\/wp\/v2\/types\/page"}],"author":[{"embeddable":true,"href":"https:\/\/caat.it\/en\/wp-json\/wp\/v2\/users\/5"}],"replies":[{"embeddable":true,"href":"https:\/\/caat.it\/en\/wp-json\/wp\/v2\/comments?post=5126"}],"version-history":[{"count":0,"href":"https:\/\/caat.it\/en\/wp-json\/wp\/v2\/pages\/5126\/revisions"}],"wp:attachment":[{"href":"https:\/\/caat.it\/en\/wp-json\/wp\/v2\/media?parent=5126"}],"curies":[{"name":"wp","href":"https:\/\/api.w.org\/{rel}","templated":true}]}}